{"id":22938,"date":"2018-09-20T15:43:51","date_gmt":"2018-09-20T15:43:51","guid":{"rendered":"https:\/\/ewarehousing.nl\/wat-kost-het\/"},"modified":"2022-08-15T08:22:46","modified_gmt":"2022-08-15T08:22:46","slug":"was-kostet-es","status":"publish","type":"page","link":"https:\/\/dev.ewarehousing-solutions.nl\/de\/was-kostet-es\/","title":{"rendered":"Was kostet es?"},"content":{"rendered":"<p>[vc_row row_content_width=&#8221;grid&#8221; content_text_aligment=&#8221;left&#8221; css=&#8221;.vc_custom_1651148398546{padding-top: 50px !important;padding-bottom: 50px !important;}&#8221;][vc_column width=&#8221;1\/2&#8243;]<div class=\"qodef-elements-holder   qodef-one-column  qodef-responsive-mode-768 qodef-one-column-alignment-left\" ><div class=\"qodef-eh-item    \"  data-item-class=\"qodef-eh-custom-5396\" data-681-768=\"20px 20px 20px 20px\" data-680=\"20px 20px 20px 20px\">\n\t<div class=\"qodef-eh-item-inner\">\n\t\t<div class=\"qodef-eh-item-content qodef-eh-custom-5396\" style=\"padding: 50px 50px\">\n\t\t\t<div class=\"qodef-section-title-holder  qodef-st-standard qodef-st-title-left qodef-st-normal-space \" >\n\t<div class=\"qodef-st-inner\">\n\t\t            <div class=\"qodef-label\" >\n                <span class=\"qodef-label-line\" ><\/span>\n                <span class=\"qodef-label-text\" >UNSERE PREISE<\/span>\n            <\/div>\n        \t\t\t<h2 class=\"qodef-st-title\" >\n\t\t\t\tAuslagerung Ihrer Logistik\t\t\t<\/h2>\n\t\t        \t\t\t<\/div>\n<\/div>[vc_column_text]<span style=\"font-weight: 400;\">Wenn Sie Ihre Logistik auslagern, sparen Sie Transportkosten, Lagerhaltung, Zeit und m\u00f6glicherweise Personal. So sind Sie oft sogar billiger, als wenn Sie die Logistik selbst in die Hand nehmen. Wenn Sie genau wissen, was es kostet, k\u00f6nnen Sie sich ein vollst\u00e4ndiges Bild davon machen, was unter dem Strich \u00fcbrig bleibt.<\/span>[\/vc_column_text]\t\t<\/div>\n\t<\/div>\n<\/div><\/div>[\/vc_column][vc_column width=&#8221;1\/2&#8243;]<div class=\"qodef-elements-holder   qodef-one-column  qodef-responsive-mode-768 qodef-one-column-alignment-left\" ><div class=\"qodef-eh-item    \"  data-item-class=\"qodef-eh-custom-6685\" data-681-768=\"20px 20px 20px 20px\" data-680=\"20px 20px 20px 20px\">\n\t<div class=\"qodef-eh-item-inner\">\n\t\t<div class=\"qodef-eh-item-content qodef-eh-custom-6685\" style=\"padding: 50px 50px\">\n\t\t\t<div class=\"qodef-section-title-holder  qodef-st-standard qodef-st-title-left qodef-st-normal-space \" >\n\t<div class=\"qodef-st-inner\">\n\t\t            <div class=\"qodef-label\" >\n                <span class=\"qodef-label-line\" ><\/span>\n                <span class=\"qodef-label-text\" >MASSGESCHNEIDERTES ANGEBOT<\/span>\n            <\/div>\n        \t\t\t<h2 class=\"qodef-st-title\" >\n\t\t\t\tNeugierig auf die M\u00f6glichkeiten?\t\t\t<\/h2>\n\t\t        \t\t\t<\/div>\n<\/div>[vc_column_text]<span style=\"font-weight: 400;\">Anhand der Anzahl der Auftr\u00e4ge pro Tag k\u00f6nnen wir die Kosten f\u00fcr Sie bereits absch\u00e4tzen. Dies ist immer nur ein Anhaltspunkt, gibt aber eine gute Vorstellung von unseren Preisen. Wenn Sie ein konkretes Angebot oder eine spezifische Beratung w\u00fcnschen, wenden Sie sich bitte an das kaufm\u00e4nnische Team unter der Telefonnummer <a href=\"tel:0186612267\">(0)18 &#8211; 66 12 267<\/a> oder unter <a href=\"mailto:offerte@ewarehousing.nl\">offerte@ewarehousing.nl<\/a>.[\/vc_column_text]\t\t<\/div>\n\t<\/div>\n<\/div><\/div>[\/vc_column][\/vc_row][vc_row row_content_width=&#8221;grid&#8221; disable_background_image=&#8221;&#8221; simple_background_image=&#8221;5729&#8243;][vc_column css=&#8221;.vc_custom_1651148529204{padding-right: 0px !important;padding-left: 0px !important;}&#8221;][vc_empty_space height=&#8221;135&#8243;]<div class=\"qodef-elements-holder   qodef-one-column  qodef-responsive-mode-768 \" ><div class=\"qodef-eh-item   qodef-horizontal-alignment-center \" style=\"background-color: #ffffff\" data-item-class=\"qodef-eh-custom-7967\" data-1025-1366=\"160px 170px 172px 170px\" data-769-1024=\"160px 50px 172px 50px\" data-681-768=\"20px 20px 20px 20px\" data-680=\"20px 20px 20px 20px\">\n\t<div class=\"qodef-eh-item-inner\">\n\t\t<div class=\"qodef-eh-item-content qodef-eh-custom-7967\" style=\"padding: 107px 253px 125px 253px\">\n\t\t\t<div class=\"qodef-section-title-holder  qodef-st-standard qodef-st-title-left qodef-st-normal-space \" style=\"text-align: center\">\n\t<div class=\"qodef-st-inner\">\n\t\t            <div class=\"qodef-label\" >\n                <span class=\"qodef-label-line\" ><\/span>\n                <span class=\"qodef-label-text\" >AUSSCHREIBUNGSVERFAHREN<\/span>\n            <\/div>\n        \t\t\t<h1 class=\"qodef-st-title\" style=\"margin-bottom: 26px\">\n\t\t\t\tWie k\u00f6nnen wir helfen?\t\t\t<\/h1>\n\t\t        \t\t\t<\/div>\n<\/div>[vc_column_text]<span style=\"font-weight: 400;\">Wir w\u00fcrden uns freuen, an Ihrem Ausschreibungsverfahren teilzunehmen, um ungenutzte M\u00f6glichkeiten f\u00fcr Sie zu identifizieren. Wir w\u00fcrden uns freuen, alle relevanten Informationen und Zeitpl\u00e4ne zu erhalten. Bei Fragen oder Anmerkungen wenden Sie sich bitte direkt an unser kaufm\u00e4nnisches Team (Rizi, Timme und Xander) unter <a href=\"mailto:offerte@ewarehousing.nl\">offerte@ewarehousing.nl<\/a>.[\/vc_column_text][vc_empty_space height=&#8221;40&#8243;]<a itemprop=\"url\" href=\"https:\/\/ewarehousing.nl\/de\/kontakt\/\" target=\"_self\" style=\"color: #ffffff;padding: 17px 18px 16px 27px\" class=\"qodef-btn qodef-btn-medium qodef-btn-solid qodef-btn-icon\"  >\n    <span class=\"qodef-btn-text\">Kontakt<\/span>\n    <span aria-hidden=\"true\" class=\"qodef-icon-font-elegant arrow_right \" ><\/span><\/a>\t\t<\/div>\n\t<\/div>\n<\/div><\/div>[vc_empty_space height=&#8221;135&#8243;][\/vc_column][\/vc_row]<\/p>\n","protected":false},"excerpt":{"rendered":"<p>[vc_row row_content_width=&#8221;grid&#8221; content_text_aligment=&#8221;left&#8221; css=&#8221;.vc_custom_1651148398546{padding-top: 50px !important;padding-bottom: 50px !important;}&#8221;][vc_column width=&#8221;1\/2&#8243;][\/vc_column][vc_column width=&#8221;1\/2&#8243;][\/vc_column][\/vc_row][vc_row row_content_width=&#8221;grid&#8221; disable_background_image=&#8221;&#8221; simple_background_image=&#8221;5729&#8243;][vc_column css=&#8221;.vc_custom_1651148529204{padding-right: 0px !important;padding-left: 0px !important;}&#8221;][vc_empty_space height=&#8221;135&#8243;][vc_empty_space height=&#8221;135&#8243;][\/vc_column][\/vc_row]<\/p>\n","protected":false},"author":1,"featured_media":0,"parent":0,"menu_order":0,"comment_status":"closed","ping_status":"closed","template":"full-width.php","meta":{"footnotes":""},"class_list":["post-22938","page","type-page","status-publish","hentry"],"_links":{"self":[{"href":"https:\/\/dev.ewarehousing-solutions.nl\/de\/wp-json\/wp\/v2\/pages\/22938","targetHints":{"allow":["GET"]}}],"collection":[{"href":"https:\/\/dev.ewarehousing-solutions.nl\/de\/wp-json\/wp\/v2\/pages"}],"about":[{"href":"https:\/\/dev.ewarehousing-solutions.nl\/de\/wp-json\/wp\/v2\/types\/page"}],"author":[{"embeddable":true,"href":"https:\/\/dev.ewarehousing-solutions.nl\/de\/wp-json\/wp\/v2\/users\/1"}],"replies":[{"embeddable":true,"href":"https:\/\/dev.ewarehousing-solutions.nl\/de\/wp-json\/wp\/v2\/comments?post=22938"}],"version-history":[{"count":4,"href":"https:\/\/dev.ewarehousing-solutions.nl\/de\/wp-json\/wp\/v2\/pages\/22938\/revisions"}],"predecessor-version":[{"id":22983,"href":"https:\/\/dev.ewarehousing-solutions.nl\/de\/wp-json\/wp\/v2\/pages\/22938\/revisions\/22983"}],"wp:attachment":[{"href":"https:\/\/dev.ewarehousing-solutions.nl\/de\/wp-json\/wp\/v2\/media?parent=22938"}],"curies":[{"name":"wp","href":"https:\/\/api.w.org\/{rel}","templated":true}]}}