{"id":22946,"date":"2018-09-20T15:43:51","date_gmt":"2018-09-20T15:43:51","guid":{"rendered":"https:\/\/ewarehousing.nl\/internationale-partnerships\/"},"modified":"2022-08-15T08:24:44","modified_gmt":"2022-08-15T08:24:44","slug":"unser-netzwerk","status":"publish","type":"page","link":"https:\/\/dev.ewarehousing-solutions.nl\/de\/unser-netzwerk\/","title":{"rendered":"Unser Netzwerk"},"content":{"rendered":"<p>[vc_row row_content_width=&#8221;grid&#8221; css=&#8221;.vc_custom_1651149494346{padding-top: 50px !important;padding-bottom: 50px !important;}&#8221;][vc_column offset=&#8221;vc_col-lg-6 vc_col-md-12&#8243;]<div class=\"qodef-elements-holder   qodef-one-column  qodef-responsive-mode-768 \" ><div class=\"qodef-eh-item    \"  data-item-class=\"qodef-eh-custom-7625\" data-1367-1600=\"99px 176px 0px 0px\" data-1025-1366=\"68px 78px 0px 0px\" data-769-1024=\"0px 50px 50px 0px\" data-681-768=\"0px 132px 94px 0px\" data-680=\"0px 0px 73px 0px\">\n\t<div class=\"qodef-eh-item-inner\">\n\t\t<div class=\"qodef-eh-item-content qodef-eh-custom-7625\" style=\"padding: 99px 173px 0px 0px\">\n\t\t\t<div class=\"qodef-section-title-holder  qodef-st-standard qodef-st-title-left qodef-st-normal-space \" >\n\t<div class=\"qodef-st-inner\">\n\t\t            <div class=\"qodef-label\" style=\"margin-bottom:9px\">\n                <span class=\"qodef-label-line\" ><\/span>\n                <span class=\"qodef-label-text\" >INTERNATIONALE GELEGENHEITEN<\/span>\n            <\/div>\n        \t\t\t<h1 class=\"qodef-st-title\" style=\"margin-bottom: 18px\">\n\t\t\t\tWarum unser Netzwerk so wichtig ist\t\t\t<\/h1>\n\t\t        \t\t\t\t\t<p class=\"qodef-st-text\" style=\"margin-top: 20px\">\n\t\t\t\tBei der Ausbreitung auf andere L\u00e4nder haben viele Webshops Schwierigkeiten, ihre Produkte grenz\u00fcberschreitend zu versenden. Die gr\u00f6\u00dften Herausforderungen sind hier die l\u00e4ngeren Lieferzeiten und nat\u00fcrlich die h\u00f6heren Versandkosten. Oft kann die lokale Konkurrenz auch wesentlich bessere Versandbedingungen anbieten. Es ist daher wichtig, \u00fcber eine (internationale) intelligente Fulfillment-Strategie nachzudenken.\t\t\t<\/p>\n\t\t\t<\/div>\n<\/div>\t\t<\/div>\n\t<\/div>\n<\/div><\/div>[\/vc_column][vc_column offset=&#8221;vc_col-lg-6 vc_col-md-12 vc_hidden-md&#8221;]<div class=\"qodef-elements-holder   qodef-one-column  qodef-responsive-mode-768 \" ><div class=\"qodef-eh-item    \"  data-item-class=\"qodef-eh-custom-8391\" data-769-1024=\"0px 0px 0px 0px\" data-681-768=\"0px 0px 0px 0px\" data-680=\"0px 0px 0px 0px\">\n\t<div class=\"qodef-eh-item-inner\">\n\t\t<div class=\"qodef-eh-item-content qodef-eh-custom-8391\" style=\"padding: 0px 0px\">\n\t\t\t<div class=\"qodef-single-image-holder   \">\n    <div class=\"qodef-si-inner\" >\n                                    <img loading=\"lazy\" decoding=\"async\" src=\"https:\/\/dev.ewarehousing-solutions.nl\/wp-content\/uploads\/2022\/04\/7W4A2773-scaled-600x600.jpg\" alt=\"\" width=\"600\" height=\"600\" \/>                        <\/div>\n\t<\/div>\t\t<\/div>\n\t<\/div>\n<\/div><\/div>[\/vc_column][\/vc_row][vc_row content_placement=&#8221;middle&#8221; css=&#8221;.vc_custom_1650383785636{margin-right: 1px !important;margin-left: 0px !important;padding-top: 0px !important;padding-right: 0px !important;padding-bottom: 0px !important;padding-left: 0px !important;}&#8221; simple_background_color=&#8221;#fafafa&#8221;][vc_column offset=&#8221;vc_col-lg-6 vc_col-md-12&#8243; css=&#8221;.vc_custom_1538043580860{padding-top: 0px !important;padding-right: 0px !important;padding-bottom: 0px !important;padding-left: 0px !important;}&#8221;]<div class=\"qodef-elements-holder   qodef-one-column  qodef-responsive-mode-768 \" ><div class=\"qodef-eh-item    \" style=\"background-image: url(https:\/\/dev.ewarehousing-solutions.nl\/wp-content\/uploads\/2022\/04\/7W4A2512-scaled.jpg)\" data-item-class=\"qodef-eh-custom-4091\" data-1367-1600=\"269px 0%\" data-1025-1366=\"257px 0%\" data-769-1024=\"290px 0%\" data-681-768=\"284px 0%\" data-680=\"220px 0%\">\n\t<div class=\"qodef-eh-item-inner\">\n\t\t<div class=\"qodef-eh-item-content qodef-eh-custom-4091\" style=\"padding: 360px 0%\">\n\t\t\t\t\t<\/div>\n\t<\/div>\n<\/div><\/div>[\/vc_column][vc_column offset=&#8221;vc_col-lg-6 vc_col-md-12&#8243; css=&#8221;.vc_custom_1649842647409{padding-top: 0px !important;padding-right: 0px !important;padding-bottom: 0px !important;padding-left: 0px !important;}&#8221;]<div class=\"qodef-elements-holder   qodef-one-column  qodef-responsive-mode-768 \" ><div class=\"qodef-eh-item    \"  data-item-class=\"qodef-eh-custom-2660\" data-1367-1600=\"85px 166px 87px 79px\" data-1025-1366=\"68px 91px 79px 70px\" data-769-1024=\"50px 100px 50px 112px\" data-681-768=\"97px 189px 109px 78px\" data-680=\"48px 20px 55px 25px\">\n\t<div class=\"qodef-eh-item-inner\">\n\t\t<div class=\"qodef-eh-item-content qodef-eh-custom-2660\" style=\"padding: 140px 140px 140px 140px\">\n\t\t\t<div class=\"qodef-section-title-holder  qodef-st-standard qodef-st-title-left qodef-st-normal-space \" >\n\t<div class=\"qodef-st-inner\">\n\t\t            <div class=\"qodef-label\" style=\"margin-bottom:9px\">\n                <span class=\"qodef-label-line\" ><\/span>\n                <span class=\"qodef-label-text\" >UMSETZUNG<\/span>\n            <\/div>\n        \t\t\t<h1 class=\"qodef-st-title\" >\n\t\t\t\tDie Auswirkungen der Versandkosten\t\t\t<\/h1>\n\t\t        \t\t\t\t\t<p class=\"qodef-st-text\" style=\"margin-top: 19px\">\n\t\t\t\tEine Studie von PayPal zeigt, dass bis zu 25 % der Internetk\u00e4ufer durch die hohen Versandkosten von einer Bestellung im Ausland abgehalten werden. Dar\u00fcber hinaus wirkt sich die l\u00e4ngere Lieferzeit des Pakets auch negativ auf die Umsetzungsrate eines Webshops aus. Das bedeutet, dass Sie als Online-H\u00e4ndler mehr oder weniger gezwungen sind, die Versandkosten f\u00fcr den K\u00e4ufer zu tragen und sie daher auf den Produktpreis umlegen m\u00fcssen.\t\t\t<\/p>\n\t\t\t<\/div>\n<\/div>\t\t<\/div>\n\t<\/div>\n<\/div><\/div>[\/vc_column][\/vc_row][vc_row content_placement=&#8221;middle&#8221; css=&#8221;.vc_custom_1650383805347{margin-right: 1px !important;margin-left: 0px !important;padding-top: 0px !important;padding-right: 0px !important;padding-bottom: 0px !important;padding-left: 0px !important;}&#8221; simple_background_color=&#8221;#fafafa&#8221;][vc_column offset=&#8221;vc_col-lg-6 vc_col-md-12&#8243; css=&#8221;.vc_custom_1538043580860{padding-top: 0px !important;padding-right: 0px !important;padding-bottom: 0px !important;padding-left: 0px !important;}&#8221;]<div class=\"qodef-elements-holder   qodef-one-column  qodef-responsive-mode-768 \" ><div class=\"qodef-eh-item    \"  data-item-class=\"qodef-eh-custom-1400\" data-1367-1600=\"85px 166px 87px 79px\" data-1025-1366=\"68px 91px 79px 70px\" data-769-1024=\"50px 100px 199px 112px\" data-681-768=\"97px 189px 109px 78px\" data-680=\"48px 20px 55px 25px\">\n\t<div class=\"qodef-eh-item-inner\">\n\t\t<div class=\"qodef-eh-item-content qodef-eh-custom-1400\" style=\"padding: 140px 140px 140px 140px\">\n\t\t\t<div class=\"qodef-section-title-holder  qodef-st-standard qodef-st-title-left qodef-st-normal-space \" >\n\t<div class=\"qodef-st-inner\">\n\t\t            <div class=\"qodef-label\" style=\"margin-bottom:9px\">\n                <span class=\"qodef-label-line\" ><\/span>\n                <span class=\"qodef-label-text\" >UNSER NETZWERK<\/span>\n            <\/div>\n        \t\t\t<h1 class=\"qodef-st-title\" >\n\t\t\t\tInternationale Partner\t\t\t<\/h1>\n\t\t        \t\t\t<\/div>\n<\/div>[vc_column_text]eWarehousing antwortet darauf mit der Zusammenarbeit mit internationalen Partnern. Zurzeit arbeiten wir mit <a href=\"https:\/\/rushorder.com\/\" target=\"_blank\" rel=\"noopener\">Rushorder<\/a> (US) und <a href=\"https:\/\/www.onlogistics.co.uk\/\" target=\"_blank\" rel=\"noopener\">On Logistics<\/a> (UK) zusammen. Durch diese Partnerschaften erm\u00f6glichen wir unseren Kunden den Zugang zum US- und zum UK-Markt mit einer lokalen Logistikl\u00f6sung. Damit ist sichergestellt, dass Sie als Online-H\u00e4ndler au\u00dferhalb unserer Landesgrenzen viel besser konkurrieren k\u00f6nnen.<\/p>\n<p>&nbsp;<\/p>\n<p><a href=\"https:\/\/rushorder.com\/\" target=\"_blank\" rel=\"noopener\"><img loading=\"lazy\" decoding=\"async\" class=\"alignnone wp-image-21257\" src=\"https:\/\/ewarehousing.nl\/wp-content\/uploads\/2022\/04\/rush-order-300x73.png\" alt=\"\" width=\"245\" height=\"60\" srcset=\"https:\/\/dev.ewarehousing-solutions.nl\/wp-content\/uploads\/2022\/04\/rush-order-300x73.png 300w, https:\/\/dev.ewarehousing-solutions.nl\/wp-content\/uploads\/2022\/04\/rush-order.png 368w\" sizes=\"auto, (max-width: 245px) 100vw, 245px\" \/><\/a> \u00a0<a href=\"https:\/\/www.onlogistics.co.uk\/\" target=\"_blank\" rel=\"noopener\"><img loading=\"lazy\" decoding=\"async\" class=\"alignnone wp-image-21256\" src=\"https:\/\/ewarehousing.nl\/wp-content\/uploads\/2022\/04\/OnLogistics-Logo-Transparent-300x61.png\" alt=\"\" width=\"247\" height=\"50\" srcset=\"https:\/\/dev.ewarehousing-solutions.nl\/wp-content\/uploads\/2022\/04\/OnLogistics-Logo-Transparent-300x61.png 300w, https:\/\/dev.ewarehousing-solutions.nl\/wp-content\/uploads\/2022\/04\/OnLogistics-Logo-Transparent-1024x207.png 1024w, https:\/\/dev.ewarehousing-solutions.nl\/wp-content\/uploads\/2022\/04\/OnLogistics-Logo-Transparent-768x155.png 768w, https:\/\/dev.ewarehousing-solutions.nl\/wp-content\/uploads\/2022\/04\/OnLogistics-Logo-Transparent-1536x311.png 1536w, https:\/\/dev.ewarehousing-solutions.nl\/wp-content\/uploads\/2022\/04\/OnLogistics-Logo-Transparent-600x121.png 600w, https:\/\/dev.ewarehousing-solutions.nl\/wp-content\/uploads\/2022\/04\/OnLogistics-Logo-Transparent.png 1914w\" sizes=\"auto, (max-width: 247px) 100vw, 247px\" \/><\/a>[\/vc_column_text]\t\t<\/div>\n\t<\/div>\n<\/div><\/div>[\/vc_column][vc_column offset=&#8221;vc_col-lg-6 vc_col-md-12 vc_hidden-md vc_hidden-xs&#8221; css=&#8221;.vc_custom_1653337629339{padding-top: 0px !important;padding-right: 0px !important;padding-bottom: 0px !important;padding-left: 0px !important;background-color: #fafafa !important;}&#8221;]<div class=\"qodef-elements-holder   qodef-one-column  qodef-responsive-mode-768 \" ><div class=\"qodef-eh-item    \" style=\"background-image: url(https:\/\/dev.ewarehousing-solutions.nl\/wp-content\/uploads\/2022\/04\/7W4A2667-scaled.jpg)\" data-item-class=\"qodef-eh-custom-4653\" data-1367-1600=\"269px 0%\" data-1025-1366=\"257px 0%\" data-769-1024=\"381px 0%\" data-681-768=\"284px 0%\" data-680=\"220px 0%\">\n\t<div class=\"qodef-eh-item-inner\">\n\t\t<div class=\"qodef-eh-item-content qodef-eh-custom-4653\" style=\"padding: 360px 0%\">\n\t\t\t\t\t<\/div>\n\t<\/div>\n<\/div><\/div>[\/vc_column][\/vc_row][vc_row content_placement=&#8221;middle&#8221; css=&#8221;.vc_custom_1650383821692{margin-right: 1px !important;margin-left: 0px !important;padding-top: 0px !important;padding-right: 0px !important;padding-bottom: 0px !important;padding-left: 0px !important;}&#8221; simple_background_color=&#8221;#fafafa&#8221;][vc_column offset=&#8221;vc_col-lg-6 vc_col-md-12&#8243; css=&#8221;.vc_custom_1653337636387{padding-top: 0px !important;padding-right: 0px !important;padding-bottom: 0px !important;padding-left: 0px !important;}&#8221;]<div class=\"qodef-elements-holder   qodef-one-column  qodef-responsive-mode-768 \" ><div class=\"qodef-eh-item    \" style=\"background-image: url(https:\/\/dev.ewarehousing-solutions.nl\/wp-content\/uploads\/2022\/04\/7W4A2368-scaled.jpg)\" data-item-class=\"qodef-eh-custom-6462\" data-1367-1600=\"269px 0%\" data-1025-1366=\"257px 0%\" data-769-1024=\"381px 0%\" data-681-768=\"284px 0%\" data-680=\"220px 0%\">\n\t<div class=\"qodef-eh-item-inner\">\n\t\t<div class=\"qodef-eh-item-content qodef-eh-custom-6462\" style=\"padding: 360px 0%\">\n\t\t\t\t\t<\/div>\n\t<\/div>\n<\/div><\/div>[\/vc_column][vc_column offset=&#8221;vc_col-lg-6 vc_col-md-12&#8243; css=&#8221;.vc_custom_1649842769420{padding-top: 0px !important;padding-right: 0px !important;padding-bottom: 0px !important;padding-left: 0px !important;}&#8221;]<div class=\"qodef-elements-holder   qodef-one-column  qodef-responsive-mode-768 \" ><div class=\"qodef-eh-item    \"  data-item-class=\"qodef-eh-custom-6272\" data-1367-1600=\"85px 166px 87px 79px\" data-1025-1366=\"68px 91px 79px 70px\" data-769-1024=\"193px 405px 199px 112px\" data-681-768=\"97px 189px 109px 78px\" data-680=\"48px 20px 55px 25px\">\n\t<div class=\"qodef-eh-item-inner\">\n\t\t<div class=\"qodef-eh-item-content qodef-eh-custom-6272\" style=\"padding: 140px 140px 140px 140px\">\n\t\t\t<div class=\"qodef-section-title-holder  qodef-st-standard qodef-st-title-left qodef-st-normal-space \" >\n\t<div class=\"qodef-st-inner\">\n\t\t            <div class=\"qodef-label\" style=\"margin-bottom:9px\">\n                <span class=\"qodef-label-line\" ><\/span>\n                <span class=\"qodef-label-text\" >AUSWEITUNG DES NETZWERKS<\/span>\n            <\/div>\n        \t\t\t<h1 class=\"qodef-st-title\" >\n\t\t\t\tPartner werden\t\t\t<\/h1>\n\t\t        \t\t\t\t\t<p class=\"qodef-st-text\" style=\"margin-top: 19px\">\n\t\t\t\tWir sehen und erleben t\u00e4glich, wie praktisch die Vertretung vor Ort ist. Deshalb sind wir immer auf der Suche nach weiteren europ\u00e4ischen Partnerschaften. Unsere Partner zeichnen sich aus durch eine(n):\t\t\t<\/p>\n\t\t\t<\/div>\n<\/div>[vc_column_text]<\/p>\n<ul>\n<li>Seri\u00f6se Mentalit\u00e4t<\/li>\n<li>Hintergrund in der Logistik<\/li>\n<li>IT-getriebene Mentalit\u00e4t<\/li>\n<li>Gute lokale Vertretung<\/li>\n<li>Internationalen Charakter<\/li>\n<\/ul>\n<p>Sind Sie ein Fulfillment-Dienstleister und suchen eine Partnerschaft mit eWarehousing? Bitte kontaktieren Sie unseren Gesch\u00e4ftsf\u00fchrer Xander Tio unter <a href=\"mailto:xander@ewarehousing.nl\">xander@ewarehousing.nl<\/a>.[\/vc_column_text]\t\t<\/div>\n\t<\/div>\n<\/div><\/div>[\/vc_column][\/vc_row]<\/p>\n","protected":false},"excerpt":{"rendered":"<p>[vc_row row_content_width=&#8221;grid&#8221; css=&#8221;.vc_custom_1651149494346{padding-top: 50px !important;padding-bottom: 50px !important;}&#8221;][vc_column offset=&#8221;vc_col-lg-6 vc_col-md-12&#8243;][\/vc_column][vc_column offset=&#8221;vc_col-lg-6 vc_col-md-12 vc_hidden-md&#8221;][\/vc_column][\/vc_row][vc_row content_placement=&#8221;middle&#8221; css=&#8221;.vc_custom_1650383785636{margin-right: 1px !important;margin-left: 0px !important;padding-top: 0px !important;padding-right: [&hellip;]<\/p>\n","protected":false},"author":1,"featured_media":0,"parent":0,"menu_order":0,"comment_status":"closed","ping_status":"closed","template":"full-width.php","meta":{"footnotes":""},"class_list":["post-22946","page","type-page","status-publish","hentry"],"_links":{"self":[{"href":"https:\/\/dev.ewarehousing-solutions.nl\/de\/wp-json\/wp\/v2\/pages\/22946","targetHints":{"allow":["GET"]}}],"collection":[{"href":"https:\/\/dev.ewarehousing-solutions.nl\/de\/wp-json\/wp\/v2\/pages"}],"about":[{"href":"https:\/\/dev.ewarehousing-solutions.nl\/de\/wp-json\/wp\/v2\/types\/page"}],"author":[{"embeddable":true,"href":"https:\/\/dev.ewarehousing-solutions.nl\/de\/wp-json\/wp\/v2\/users\/1"}],"replies":[{"embeddable":true,"href":"https:\/\/dev.ewarehousing-solutions.nl\/de\/wp-json\/wp\/v2\/comments?post=22946"}],"version-history":[{"count":4,"href":"https:\/\/dev.ewarehousing-solutions.nl\/de\/wp-json\/wp\/v2\/pages\/22946\/revisions"}],"predecessor-version":[{"id":22988,"href":"https:\/\/dev.ewarehousing-solutions.nl\/de\/wp-json\/wp\/v2\/pages\/22946\/revisions\/22988"}],"wp:attachment":[{"href":"https:\/\/dev.ewarehousing-solutions.nl\/de\/wp-json\/wp\/v2\/media?parent=22946"}],"curies":[{"name":"wp","href":"https:\/\/api.w.org\/{rel}","templated":true}]}}