{"id":22978,"date":"2018-09-14T11:57:46","date_gmt":"2018-09-14T11:57:46","guid":{"rendered":"https:\/\/ewarehousing.nl\/product\/ewarehousing-jbl-lautsprecherbox\/"},"modified":"2023-02-08T13:00:07","modified_gmt":"2023-02-08T12:00:07","slug":"jbl-speaker-box-2","status":"publish","type":"product","link":"https:\/\/dev.ewarehousing-solutions.nl\/de\/produkt\/jbl-speaker-box-2\/","title":{"rendered":"eWarehousing JBL Lautsprecherbox"},"content":{"rendered":"","protected":false},"excerpt":{"rendered":"<p><span style=\"font-weight: 400;\">H\u00f6ren Sie gerne Musik, w\u00e4hrend Sie Ihre Auftr\u00e4ge bearbeiten? Mit der JBL Lautsprecherbox k\u00f6nnen Sie eine hervorragende Klangqualit\u00e4t genie\u00dfen. Der kreisf\u00f6rmige Treiber sorgt f\u00fcr druckvolle B\u00e4sse. Und das in einem kompakten Format. Bestellen Sie jetzt die JBL Lautsprecherbox!<\/span><\/p>\n<ul>\n<li>Kostenloser Versand, Lieferung innerhalb von maximal 1 Arbeitstag!<\/li>\n<li>Nicht zufrieden? Geld zur\u00fcck Garantie.<\/li>\n<li>Kostenlose Retoursendung!<\/li>\n<\/ul>\n","protected":false},"featured_media":22878,"template":"","meta":[],"product_brand":[],"product_cat":[88],"product_tag":[89],"class_list":{"0":"post-22978","1":"product","2":"type-product","3":"status-publish","4":"has-post-thumbnail","6":"product_cat-uncategorized-de","7":"product_tag-ewh-de","9":"first","10":"instock","11":"shipping-taxable","12":"purchasable","13":"product-type-simple"},"_links":{"self":[{"href":"https:\/\/dev.ewarehousing-solutions.nl\/de\/wp-json\/wp\/v2\/product\/22978","targetHints":{"allow":["GET"]}}],"collection":[{"href":"https:\/\/dev.ewarehousing-solutions.nl\/de\/wp-json\/wp\/v2\/product"}],"about":[{"href":"https:\/\/dev.ewarehousing-solutions.nl\/de\/wp-json\/wp\/v2\/types\/product"}],"wp:featuredmedia":[{"embeddable":true,"href":"https:\/\/dev.ewarehousing-solutions.nl\/de\/wp-json\/wp\/v2\/media\/22878"}],"wp:attachment":[{"href":"https:\/\/dev.ewarehousing-solutions.nl\/de\/wp-json\/wp\/v2\/media?parent=22978"}],"wp:term":[{"taxonomy":"product_brand","embeddable":true,"href":"https:\/\/dev.ewarehousing-solutions.nl\/de\/wp-json\/wp\/v2\/product_brand?post=22978"},{"taxonomy":"product_cat","embeddable":true,"href":"https:\/\/dev.ewarehousing-solutions.nl\/de\/wp-json\/wp\/v2\/product_cat?post=22978"},{"taxonomy":"product_tag","embeddable":true,"href":"https:\/\/dev.ewarehousing-solutions.nl\/de\/wp-json\/wp\/v2\/product_tag?post=22978"}],"curies":[{"name":"wp","href":"https:\/\/api.w.org\/{rel}","templated":true}]}}